{"id":46,"date":"2026-02-09T18:42:39","date_gmt":"2026-02-09T18:42:39","guid":{"rendered":"https:\/\/watersnip5.nl\/startpagina\/"},"modified":"2026-02-09T19:03:43","modified_gmt":"2026-02-09T19:03:43","slug":"startpagina","status":"publish","type":"page","link":"https:\/\/watersnip5.nl\/de\/","title":{"rendered":"Startpagina"},"content":{"rendered":"<div class=\"wp-block-group alignfull is-style-ext-preset--group--natural-1--section has-background-background-color has-background has-global-padding is-layout-constrained wp-block-group-is-layout-constrained\" style=\"margin-top:0;margin-bottom:0;padding-top:var(--wp--preset--spacing--50);padding-bottom:var(--wp--preset--spacing--70)\">\n<div class=\"wp-block-columns alignwide is-layout-flex wp-container-core-columns-is-layout-08c01c1c wp-block-columns-is-layout-flex\">\n<div class=\"wp-block-column is-vertically-aligned-stretch is-layout-flow wp-block-column-is-layout-flow\">\n<div class=\"wp-block-group alignwide is-style-ext-preset--group--natural-1--item-card-1--align-start has-tertiary-background-color has-background is-nowrap is-layout-flex wp-container-core-group-is-layout-bcde1d39 wp-block-group-is-layout-flex is-style-ext-preset--group--natural-1--item-card-1--align-start--2\" style=\"min-height:100%;padding-top:0;padding-right:0;padding-bottom:0;padding-left:0\">\n<div class=\"wp-block-group alignwide is-vertical is-layout-flex wp-container-core-group-is-layout-fa0d61a1 wp-block-group-is-layout-flex\" style=\"padding-top:var(--wp--preset--spacing--50);padding-right:var(--wp--preset--spacing--50);padding-bottom:var(--wp--preset--spacing--50);padding-left:var(--wp--preset--spacing--50)\">\n<div class=\"wp-block-group has-global-padding is-layout-constrained wp-container-core-group-is-layout-812d5580 wp-block-group-is-layout-constrained\" style=\"padding-top:0;padding-right:0;padding-bottom:0;padding-left:0\">\n<h1 class=\"wp-block-heading has-xx-large-font-size\">Willkommen im Ferienhaus Watersnip 5<\/h1>\n\n\n\n<p style=\"font-size:clamp(14px, 0.875rem + ((1vw - 3.2px) * 0.417), 18px);\">Das Ferienhaus Watersnip 5 bietet einen charmanten und komfortablen Aufenthalt mit sch\u00f6nen Fotos und ausf\u00fchrlichen Informationen, sodass Sie genau wissen, was Sie f\u00fcr einen erholsamen Urlaub erwartet.<\/p>\n<\/div>\n<\/div>\n<\/div>\n<\/div>\n\n\n\n<div class=\"wp-block-column is-vertically-aligned-stretch is-layout-flow wp-block-column-is-layout-flow\">\n<div class=\"wp-block-cover is-style-ext-preset--image--natural-1--image-1--content-right is-style-ext-preset--image--natural-1--image-1--content-right--3\" style=\"min-height:100%;aspect-ratio:unset;\"><img loading=\"lazy\" decoding=\"async\" width=\"1280\" height=\"853\" class=\"wp-block-cover__image-background wp-image-61\" alt=\"\" src=\"https:\/\/watersnip5.nl\/wp-content\/uploads\/2026\/02\/983e5b934a72453cb10bcbd28779c226df516711.jpg\" data-object-fit=\"cover\" srcset=\"https:\/\/watersnip5.nl\/wp-content\/uploads\/2026\/02\/983e5b934a72453cb10bcbd28779c226df516711.jpg 1280w, https:\/\/watersnip5.nl\/wp-content\/uploads\/2026\/02\/983e5b934a72453cb10bcbd28779c226df516711-300x200.jpg 300w, https:\/\/watersnip5.nl\/wp-content\/uploads\/2026\/02\/983e5b934a72453cb10bcbd28779c226df516711-1024x682.jpg 1024w, https:\/\/watersnip5.nl\/wp-content\/uploads\/2026\/02\/983e5b934a72453cb10bcbd28779c226df516711-768x512.jpg 768w, https:\/\/watersnip5.nl\/wp-content\/uploads\/2026\/02\/983e5b934a72453cb10bcbd28779c226df516711-18x12.jpg 18w\" sizes=\"auto, (max-width: 1280px) 100vw, 1280px\" \/><span aria-hidden=\"true\" class=\"wp-block-cover__background has-background-dim-0 has-background-dim\"><\/span><div class=\"wp-block-cover__inner-container is-layout-flow wp-block-cover-is-layout-flow\">\n<div style=\"height:320px\" aria-hidden=\"true\" class=\"wp-block-spacer\"><\/div>\n<\/div><\/div>\n<\/div>\n<\/div>\n<\/div>\n\n\n\n<div class=\"wp-block-group alignfull is-style-ext-preset--group--natural-1--section has-tertiary-background-color has-background has-global-padding is-layout-constrained wp-block-group-is-layout-constrained\" id=\"over-ons\" style=\"margin-top:0;margin-bottom:0;padding-top:var(--wp--preset--spacing--70);padding-bottom:var(--wp--preset--spacing--70)\">\n<div class=\"wp-block-columns alignwide are-vertically-aligned-center is-layout-flex wp-container-core-columns-is-layout-174606dc wp-block-columns-is-layout-flex\">\n<div class=\"wp-block-column is-vertically-aligned-center is-layout-flow wp-block-column-is-layout-flow\">\n<figure class=\"wp-block-image is-style-ext-preset--image--natural-1--image-1--content-right is-style-ext-preset--image--natural-1--image-1--content-right--5\"><img loading=\"lazy\" decoding=\"async\" width=\"1440\" height=\"960\" src=\"https:\/\/watersnip5.nl\/wp-content\/uploads\/2026\/02\/40f850f354348f255203ed2ff3934535cc2b3b9b.jpg\" alt=\"\" class=\"wp-image-62\" style=\"aspect-ratio:1;object-fit:cover\" srcset=\"https:\/\/watersnip5.nl\/wp-content\/uploads\/2026\/02\/40f850f354348f255203ed2ff3934535cc2b3b9b.jpg 1440w, https:\/\/watersnip5.nl\/wp-content\/uploads\/2026\/02\/40f850f354348f255203ed2ff3934535cc2b3b9b-300x200.jpg 300w, https:\/\/watersnip5.nl\/wp-content\/uploads\/2026\/02\/40f850f354348f255203ed2ff3934535cc2b3b9b-1024x683.jpg 1024w, https:\/\/watersnip5.nl\/wp-content\/uploads\/2026\/02\/40f850f354348f255203ed2ff3934535cc2b3b9b-768x512.jpg 768w, https:\/\/watersnip5.nl\/wp-content\/uploads\/2026\/02\/40f850f354348f255203ed2ff3934535cc2b3b9b-18x12.jpg 18w\" sizes=\"auto, (max-width: 1440px) 100vw, 1440px\" \/><\/figure>\n<\/div>\n\n\n\n<div class=\"wp-block-column is-vertically-aligned-center is-layout-flow wp-block-column-is-layout-flow\">\n<div class=\"wp-block-group alignwide is-vertical is-layout-flex wp-container-core-group-is-layout-c35747d5 wp-block-group-is-layout-flex\">\n<div class=\"wp-block-group has-global-padding is-layout-constrained wp-container-core-group-is-layout-dd32767c wp-block-group-is-layout-constrained\">\n<h2 class=\"wp-block-heading\">Beschrijving Huisje<\/h2>\n\n\n\n<p>Vakantiehuis Watersnip 5 is een uitnodigende plek die rust en comfort biedt, ontworpen om uw vakantie onvergetelijk te maken met aandacht voor sfeer en gastvrijheid.<\/p>\n<\/div>\n<\/div>\n<\/div>\n<\/div>\n<\/div>\n\n\n\n<div class=\"wp-block-group alignfull is-style-ext-preset--group--natural-1--section has-background-background-color has-background has-global-padding is-layout-constrained wp-container-core-group-is-layout-f72f1611 wp-block-group-is-layout-constrained\" id=\"galerij\" style=\"margin-top:0;margin-bottom:0;padding-top:var(--wp--preset--spacing--70);padding-bottom:var(--wp--preset--spacing--70)\">\n<div class=\"wp-block-group alignwide is-vertical is-layout-flex wp-container-core-group-is-layout-c35747d5 wp-block-group-is-layout-flex\">\n<div class=\"wp-block-group has-global-padding is-layout-constrained wp-container-core-group-is-layout-5e05634a wp-block-group-is-layout-constrained\">\n<h2 class=\"wp-block-heading\">Fotos<\/h2>\n\n\n\n<p class=\"has-text-align-left\">Hier vindt u een prachtige selectie foto&#8217;s die de charme en sfeer van Vakantiehuis Watersnip 5 perfect weergeven.<\/p>\n<\/div>\n<\/div>\n\n\n\n<div class=\"wp-block-columns alignwide are-vertically-aligned-top is-layout-flex wp-container-core-columns-is-layout-87beb0d0 wp-block-columns-is-layout-flex\">\n<div class=\"wp-block-column is-vertically-aligned-top is-layout-flow wp-container-core-column-is-layout-f5bb311e wp-block-column-is-layout-flow\">\n<figure class=\"wp-block-image is-style-ext-preset--image--natural-1--image-1--content-top is-style-ext-preset--image--natural-1--image-1--content-top--7\"><img loading=\"lazy\" decoding=\"async\" width=\"1440\" height=\"810\" src=\"https:\/\/watersnip5.nl\/wp-content\/uploads\/2026\/02\/e369196c8c6a978c9d5e038a935a64c8379eea8a.jpg\" alt=\"\" class=\"wp-image-18\" style=\"aspect-ratio:1;object-fit:cover\" srcset=\"https:\/\/watersnip5.nl\/wp-content\/uploads\/2026\/02\/e369196c8c6a978c9d5e038a935a64c8379eea8a.jpg 1440w, https:\/\/watersnip5.nl\/wp-content\/uploads\/2026\/02\/e369196c8c6a978c9d5e038a935a64c8379eea8a-300x169.jpg 300w, https:\/\/watersnip5.nl\/wp-content\/uploads\/2026\/02\/e369196c8c6a978c9d5e038a935a64c8379eea8a-1024x576.jpg 1024w, https:\/\/watersnip5.nl\/wp-content\/uploads\/2026\/02\/e369196c8c6a978c9d5e038a935a64c8379eea8a-768x432.jpg 768w\" sizes=\"auto, (max-width: 1440px) 100vw, 1440px\" \/><\/figure>\n\n\n\n<figure class=\"wp-block-image is-style-ext-preset--image--natural-1--image-1--content-top is-style-ext-preset--image--natural-1--image-1--content-top--8\"><img loading=\"lazy\" decoding=\"async\" width=\"960\" height=\"1440\" src=\"https:\/\/watersnip5.nl\/wp-content\/uploads\/2026\/02\/4d8eab61ba3f2120f3f322dfcc306627f04b54b7.jpg\" alt=\"\" class=\"wp-image-56\" style=\"aspect-ratio:1;object-fit:cover\" srcset=\"https:\/\/watersnip5.nl\/wp-content\/uploads\/2026\/02\/4d8eab61ba3f2120f3f322dfcc306627f04b54b7.jpg 960w, https:\/\/watersnip5.nl\/wp-content\/uploads\/2026\/02\/4d8eab61ba3f2120f3f322dfcc306627f04b54b7-200x300.jpg 200w, https:\/\/watersnip5.nl\/wp-content\/uploads\/2026\/02\/4d8eab61ba3f2120f3f322dfcc306627f04b54b7-683x1024.jpg 683w, https:\/\/watersnip5.nl\/wp-content\/uploads\/2026\/02\/4d8eab61ba3f2120f3f322dfcc306627f04b54b7-768x1152.jpg 768w, https:\/\/watersnip5.nl\/wp-content\/uploads\/2026\/02\/4d8eab61ba3f2120f3f322dfcc306627f04b54b7-8x12.jpg 8w\" sizes=\"auto, (max-width: 960px) 100vw, 960px\" \/><\/figure>\n<\/div>\n\n\n\n<div class=\"wp-block-column is-vertically-aligned-top is-layout-flow wp-container-core-column-is-layout-f5bb311e wp-block-column-is-layout-flow\">\n<figure class=\"wp-block-image is-style-ext-preset--image--natural-1--image-1--content-top is-style-ext-preset--image--natural-1--image-1--content-top--9\"><img loading=\"lazy\" decoding=\"async\" width=\"1440\" height=\"960\" src=\"https:\/\/watersnip5.nl\/wp-content\/uploads\/2026\/02\/138e0d6e322e80e26d2cc5b39aa8358121bea5a2.jpg\" alt=\"\" class=\"wp-image-55\" style=\"aspect-ratio:1;object-fit:cover\" srcset=\"https:\/\/watersnip5.nl\/wp-content\/uploads\/2026\/02\/138e0d6e322e80e26d2cc5b39aa8358121bea5a2.jpg 1440w, https:\/\/watersnip5.nl\/wp-content\/uploads\/2026\/02\/138e0d6e322e80e26d2cc5b39aa8358121bea5a2-300x200.jpg 300w, https:\/\/watersnip5.nl\/wp-content\/uploads\/2026\/02\/138e0d6e322e80e26d2cc5b39aa8358121bea5a2-1024x683.jpg 1024w, https:\/\/watersnip5.nl\/wp-content\/uploads\/2026\/02\/138e0d6e322e80e26d2cc5b39aa8358121bea5a2-768x512.jpg 768w, https:\/\/watersnip5.nl\/wp-content\/uploads\/2026\/02\/138e0d6e322e80e26d2cc5b39aa8358121bea5a2-18x12.jpg 18w\" sizes=\"auto, (max-width: 1440px) 100vw, 1440px\" \/><\/figure>\n\n\n\n<figure class=\"wp-block-image is-style-ext-preset--image--natural-1--image-1--content-top is-style-ext-preset--image--natural-1--image-1--content-top--10\"><img loading=\"lazy\" decoding=\"async\" width=\"1440\" height=\"970\" src=\"https:\/\/watersnip5.nl\/wp-content\/uploads\/2026\/02\/dc0d1dade482702af0de2db4d4e8b8ad8e8429ce.jpg\" alt=\"\" class=\"wp-image-63\" style=\"aspect-ratio:1;object-fit:cover\" srcset=\"https:\/\/watersnip5.nl\/wp-content\/uploads\/2026\/02\/dc0d1dade482702af0de2db4d4e8b8ad8e8429ce.jpg 1440w, https:\/\/watersnip5.nl\/wp-content\/uploads\/2026\/02\/dc0d1dade482702af0de2db4d4e8b8ad8e8429ce-300x202.jpg 300w, https:\/\/watersnip5.nl\/wp-content\/uploads\/2026\/02\/dc0d1dade482702af0de2db4d4e8b8ad8e8429ce-1024x690.jpg 1024w, https:\/\/watersnip5.nl\/wp-content\/uploads\/2026\/02\/dc0d1dade482702af0de2db4d4e8b8ad8e8429ce-768x517.jpg 768w, https:\/\/watersnip5.nl\/wp-content\/uploads\/2026\/02\/dc0d1dade482702af0de2db4d4e8b8ad8e8429ce-18x12.jpg 18w\" sizes=\"auto, (max-width: 1440px) 100vw, 1440px\" \/><\/figure>\n<\/div>\n\n\n\n<div class=\"wp-block-column is-vertically-aligned-top is-layout-flow wp-container-core-column-is-layout-f5bb311e wp-block-column-is-layout-flow\">\n<figure class=\"wp-block-image is-style-ext-preset--image--natural-1--image-1--content-top is-style-ext-preset--image--natural-1--image-1--content-top--11\"><img loading=\"lazy\" decoding=\"async\" width=\"1440\" height=\"960\" src=\"https:\/\/watersnip5.nl\/wp-content\/uploads\/2026\/02\/40f850f354348f255203ed2ff3934535cc2b3b9b.jpg\" alt=\"\" class=\"wp-image-62\" style=\"aspect-ratio:1;object-fit:cover\" srcset=\"https:\/\/watersnip5.nl\/wp-content\/uploads\/2026\/02\/40f850f354348f255203ed2ff3934535cc2b3b9b.jpg 1440w, https:\/\/watersnip5.nl\/wp-content\/uploads\/2026\/02\/40f850f354348f255203ed2ff3934535cc2b3b9b-300x200.jpg 300w, https:\/\/watersnip5.nl\/wp-content\/uploads\/2026\/02\/40f850f354348f255203ed2ff3934535cc2b3b9b-1024x683.jpg 1024w, https:\/\/watersnip5.nl\/wp-content\/uploads\/2026\/02\/40f850f354348f255203ed2ff3934535cc2b3b9b-768x512.jpg 768w, https:\/\/watersnip5.nl\/wp-content\/uploads\/2026\/02\/40f850f354348f255203ed2ff3934535cc2b3b9b-18x12.jpg 18w\" sizes=\"auto, (max-width: 1440px) 100vw, 1440px\" \/><\/figure>\n\n\n\n<figure class=\"wp-block-image is-style-ext-preset--image--natural-1--image-1--content-top is-style-ext-preset--image--natural-1--image-1--content-top--12\"><img loading=\"lazy\" decoding=\"async\" width=\"1440\" height=\"960\" src=\"https:\/\/watersnip5.nl\/wp-content\/uploads\/2026\/02\/138e0d6e322e80e26d2cc5b39aa8358121bea5a2.jpg\" alt=\"\" class=\"wp-image-55\" style=\"aspect-ratio:1;object-fit:cover\" srcset=\"https:\/\/watersnip5.nl\/wp-content\/uploads\/2026\/02\/138e0d6e322e80e26d2cc5b39aa8358121bea5a2.jpg 1440w, https:\/\/watersnip5.nl\/wp-content\/uploads\/2026\/02\/138e0d6e322e80e26d2cc5b39aa8358121bea5a2-300x200.jpg 300w, https:\/\/watersnip5.nl\/wp-content\/uploads\/2026\/02\/138e0d6e322e80e26d2cc5b39aa8358121bea5a2-1024x683.jpg 1024w, https:\/\/watersnip5.nl\/wp-content\/uploads\/2026\/02\/138e0d6e322e80e26d2cc5b39aa8358121bea5a2-768x512.jpg 768w, https:\/\/watersnip5.nl\/wp-content\/uploads\/2026\/02\/138e0d6e322e80e26d2cc5b39aa8358121bea5a2-18x12.jpg 18w\" sizes=\"auto, (max-width: 1440px) 100vw, 1440px\" \/><\/figure>\n<\/div>\n\n\n\n<div class=\"wp-block-column is-vertically-aligned-top is-layout-flow wp-container-core-column-is-layout-f5bb311e wp-block-column-is-layout-flow\">\n<figure class=\"wp-block-image is-style-ext-preset--image--natural-1--image-1--content-top is-style-ext-preset--image--natural-1--image-1--content-top--13\"><img loading=\"lazy\" decoding=\"async\" width=\"1440\" height=\"960\" src=\"https:\/\/watersnip5.nl\/wp-content\/uploads\/2026\/02\/40f850f354348f255203ed2ff3934535cc2b3b9b.jpg\" alt=\"\" class=\"wp-image-62\" style=\"aspect-ratio:1;object-fit:cover\" srcset=\"https:\/\/watersnip5.nl\/wp-content\/uploads\/2026\/02\/40f850f354348f255203ed2ff3934535cc2b3b9b.jpg 1440w, https:\/\/watersnip5.nl\/wp-content\/uploads\/2026\/02\/40f850f354348f255203ed2ff3934535cc2b3b9b-300x200.jpg 300w, https:\/\/watersnip5.nl\/wp-content\/uploads\/2026\/02\/40f850f354348f255203ed2ff3934535cc2b3b9b-1024x683.jpg 1024w, https:\/\/watersnip5.nl\/wp-content\/uploads\/2026\/02\/40f850f354348f255203ed2ff3934535cc2b3b9b-768x512.jpg 768w, https:\/\/watersnip5.nl\/wp-content\/uploads\/2026\/02\/40f850f354348f255203ed2ff3934535cc2b3b9b-18x12.jpg 18w\" sizes=\"auto, (max-width: 1440px) 100vw, 1440px\" \/><\/figure>\n\n\n\n<figure class=\"wp-block-image is-style-ext-preset--image--natural-1--image-1--content-top is-style-ext-preset--image--natural-1--image-1--content-top--14\"><img loading=\"lazy\" decoding=\"async\" width=\"1440\" height=\"957\" src=\"https:\/\/watersnip5.nl\/wp-content\/uploads\/2026\/02\/d52e15dec0302179597e3c7b4be0605f9a593a07.jpg\" alt=\"\" class=\"wp-image-58\" style=\"aspect-ratio:1;object-fit:cover\" srcset=\"https:\/\/watersnip5.nl\/wp-content\/uploads\/2026\/02\/d52e15dec0302179597e3c7b4be0605f9a593a07.jpg 1440w, https:\/\/watersnip5.nl\/wp-content\/uploads\/2026\/02\/d52e15dec0302179597e3c7b4be0605f9a593a07-300x199.jpg 300w, https:\/\/watersnip5.nl\/wp-content\/uploads\/2026\/02\/d52e15dec0302179597e3c7b4be0605f9a593a07-1024x681.jpg 1024w, https:\/\/watersnip5.nl\/wp-content\/uploads\/2026\/02\/d52e15dec0302179597e3c7b4be0605f9a593a07-768x510.jpg 768w, https:\/\/watersnip5.nl\/wp-content\/uploads\/2026\/02\/d52e15dec0302179597e3c7b4be0605f9a593a07-18x12.jpg 18w\" sizes=\"auto, (max-width: 1440px) 100vw, 1440px\" \/><\/figure>\n<\/div>\n<\/div>\n<\/div>\n\n\n\n<h3 class=\"wp-block-heading\">Haben Sie sich auch in das H\u00e4uschen verliebt?<\/h3>\n\n\n\n<div class=\"wp-block-buttons is-layout-flex wp-block-buttons-is-layout-flex\">\n<div class=\"wp-block-button\"><a class=\"wp-block-button__link wp-element-button\" href=\"https:\/\/watersnip5.nl\/de\/boeking\/\">Buchen<\/a><\/div>\n<\/div>","protected":false},"excerpt":{"rendered":"<p>Welkom bij Vakantiehuis Watersnip 5 Vakantiehuis Watersnip 5 biedt een sfeervol en comfortabel verblijf met prachtige foto&#8217;s en uitgebreide informatie, zodat u precies weet wat u kunt verwachten voor een ontspannen vakantie. Beschrijving Huisje Vakantiehuis Watersnip 5 is een uitnodigende plek die rust en comfort biedt, ontworpen om uw vakantie onvergetelijk te maken met aandacht [&hellip;]<\/p>\n","protected":false},"author":1,"featured_media":0,"parent":0,"menu_order":0,"comment_status":"closed","ping_status":"closed","template":"no-title","meta":{"footnotes":""},"class_list":["post-46","page","type-page","status-publish","hentry"],"aioseo_notices":[],"_links":{"self":[{"href":"https:\/\/watersnip5.nl\/de\/wp-json\/wp\/v2\/pages\/46","targetHints":{"allow":["GET"]}}],"collection":[{"href":"https:\/\/watersnip5.nl\/de\/wp-json\/wp\/v2\/pages"}],"about":[{"href":"https:\/\/watersnip5.nl\/de\/wp-json\/wp\/v2\/types\/page"}],"author":[{"embeddable":true,"href":"https:\/\/watersnip5.nl\/de\/wp-json\/wp\/v2\/users\/1"}],"replies":[{"embeddable":true,"href":"https:\/\/watersnip5.nl\/de\/wp-json\/wp\/v2\/comments?post=46"}],"version-history":[{"count":4,"href":"https:\/\/watersnip5.nl\/de\/wp-json\/wp\/v2\/pages\/46\/revisions"}],"predecessor-version":[{"id":69,"href":"https:\/\/watersnip5.nl\/de\/wp-json\/wp\/v2\/pages\/46\/revisions\/69"}],"wp:attachment":[{"href":"https:\/\/watersnip5.nl\/de\/wp-json\/wp\/v2\/media?parent=46"}],"curies":[{"name":"wp","href":"https:\/\/api.w.org\/{rel}","templated":true}]}}